{"id":31,"date":"2024-12-05T06:14:04","date_gmt":"2024-12-05T06:14:04","guid":{"rendered":"https:\/\/www.louste.fi\/?page_id=31"},"modified":"2025-02-12T17:38:45","modified_gmt":"2025-02-12T17:38:45","slug":"paasivu","status":"publish","type":"page","link":"https:\/\/www.louste.fi\/","title":{"rendered":"Etusivu"},"content":{"rendered":"\n<div class=\"wp-block-cover is-light\" style=\"min-height:425px;aspect-ratio:unset;\"><span aria-hidden=\"true\" class=\"wp-block-cover__background has-neve-link-color-background-color has-background-dim-10 has-background-dim\"><\/span><img loading=\"lazy\" decoding=\"async\" width=\"1024\" height=\"768\" class=\"wp-block-cover__image-background wp-image-69\" alt=\"\" src=\"https:\/\/www.louste.fi\/wp-content\/uploads\/2024\/12\/Kemi-1-1024x768.jpeg\" style=\"object-position:50% 59%\" data-object-fit=\"cover\" data-object-position=\"50% 59%\" srcset=\"https:\/\/www.louste.fi\/wp-content\/uploads\/2024\/12\/Kemi-1-1024x768.jpeg 1024w, https:\/\/www.louste.fi\/wp-content\/uploads\/2024\/12\/Kemi-1-300x225.jpeg 300w, https:\/\/www.louste.fi\/wp-content\/uploads\/2024\/12\/Kemi-1-768x576.jpeg 768w, https:\/\/www.louste.fi\/wp-content\/uploads\/2024\/12\/Kemi-1-1536x1152.jpeg 1536w, https:\/\/www.louste.fi\/wp-content\/uploads\/2024\/12\/Kemi-1.jpeg 2048w\" sizes=\"auto, (max-width: 1024px) 100vw, 1024px\" \/><div class=\"wp-block-cover__inner-container is-layout-flow wp-block-cover-is-layout-flow\">\n<p class=\"has-text-align-center has-nv-text-dark-bg-color has-text-color has-link-color has-large-font-size wp-elements-1d2294a0fc3bb0eb4013b84fd5917736\" style=\"font-style:normal;font-weight:800\">Is\u00e4nn\u00f6inti\u00e4 kolmannessa polvessa!<\/p>\n<\/div><\/div>\n\n\n\n<div class=\"wp-block-columns is-layout-flex wp-container-core-columns-is-layout-1 wp-block-columns-is-layout-flex\">\n<div class=\"wp-block-column is-layout-flow wp-block-column-is-layout-flow\"><\/div>\n<\/div>\n\n\n\n<div class=\"wp-block-columns are-vertically-aligned-center is-layout-flex wp-container-core-columns-is-layout-2 wp-block-columns-is-layout-flex\">\n<div class=\"wp-block-column is-vertically-aligned-center is-layout-flow wp-block-column-is-layout-flow\" style=\"flex-basis:25%\"><\/div>\n\n\n\n<div class=\"wp-block-column is-vertically-aligned-center is-layout-flow wp-block-column-is-layout-flow\" style=\"flex-basis:50%\">\n<p style=\"font-size:20px\">Yritys on perustettu vuonna 2009. Tarjoamme taloyhti\u00f6ille is\u00e4nn\u00f6intipalvelua kokonaisvaltaisesti. Pienen\u00e4 perheyrityksen\u00e4 kilpailuvalttimme on saavutettavuus, asiakasl\u00e4ht\u00f6isyys ja saumaton vuorovaikutus asiakkaidemme kanssa.  T\u00e4ll\u00e4 hetkell\u00e4 is\u00e4nn\u00f6imme yhteens\u00e4 27 yhti\u00f6t\u00e4.<\/p>\n<\/div>\n\n\n\n<div class=\"wp-block-column is-vertically-aligned-center is-layout-flow wp-block-column-is-layout-flow\" style=\"flex-basis:25%\"><div class=\"wp-block-image\">\n<figure class=\"aligncenter size-full is-resized has-custom-border\"><img loading=\"lazy\" decoding=\"async\" width=\"209\" height=\"300\" src=\"https:\/\/www.louste.fi\/wp-content\/uploads\/2024\/12\/SV_LOGO_Isannointipalvelu_JP_Louste_Oy_FI_423674_web-1.jpg\" alt=\"\" class=\"wp-image-102\" style=\"border-radius:25px;width:240px;height:auto\"\/><\/figure><\/div><\/div>\n<\/div>\n\n\n\n<div class=\"wp-block-columns is-layout-flex wp-container-core-columns-is-layout-3 wp-block-columns-is-layout-flex\">\n<div class=\"wp-block-column is-layout-flow wp-block-column-is-layout-flow\"><\/div>\n\n\n\n<div class=\"wp-block-column is-layout-flow wp-block-column-is-layout-flow\">\n<figure class=\"wp-block-image size-full is-resized\"><img loading=\"lazy\" decoding=\"async\" width=\"200\" height=\"67\" src=\"https:\/\/www.louste.fi\/wp-content\/uploads\/2024\/11\/cropped-Nimeton-1-1.png\" alt=\"\" class=\"wp-image-65\" style=\"width:678px;height:auto\"\/><\/figure>\n<\/div>\n\n\n\n<div class=\"wp-block-column is-layout-flow wp-block-column-is-layout-flow\"><\/div>\n<\/div>\n\n\n\n<p><\/p>\n","protected":false},"excerpt":{"rendered":"<p>Yritys on perustettu vuonna 2009. Tarjoamme taloyhti\u00f6ille is\u00e4nn\u00f6intipalvelua kokonaisvaltaisesti. Pienen\u00e4 perheyrityksen\u00e4 kilpailuvalttimme on saavutettavuus, asiakasl\u00e4ht\u00f6isyys ja saumaton vuorovaikutus asiakkaidemme kanssa. T\u00e4ll\u00e4 hetkell\u00e4 is\u00e4nn\u00f6imme yhteens\u00e4 27 yhti\u00f6t\u00e4.<\/p>\n","protected":false},"author":2,"featured_media":0,"parent":0,"menu_order":0,"comment_status":"closed","ping_status":"closed","template":"","meta":{"neve_meta_sidebar":"","neve_meta_container":"","neve_meta_enable_content_width":"","neve_meta_content_width":0,"neve_meta_title_alignment":"center","neve_meta_author_avatar":"","neve_post_elements_order":"","neve_meta_disable_header":"","neve_meta_disable_footer":"","neve_meta_disable_title":"","footnotes":""},"class_list":["post-31","page","type-page","status-publish","hentry"],"yoast_head":"<!-- This site is optimized with the Yoast SEO plugin v26.8 - https:\/\/yoast.com\/product\/yoast-seo-wordpress\/ -->\n<title>Etusivu - Is&auml;nn&ouml;intipalvelu JP Louste Oy<\/title>\n<meta name=\"description\" content=\"Yritys on perustettu vuonna 2009. Tarjoamme taloyhti\u00f6ille is\u00e4nn\u00f6intipalvelua kokonaisvaltaisesti. Pienen\u00e4 perheyrityksen\u00e4 kilpailuvalttimme on saavutettavuus, asiakasl\u00e4ht\u00f6isyys ja saumaton vuorovaikutus asiakkaidemme kanssa. T\u00e4ll\u00e4 hetkell\u00e4 is\u00e4nn\u00f6imme yhteens\u00e4 27 yhti\u00f6t\u00e4.\" \/>\n<meta name=\"robots\" content=\"index, follow, max-snippet:-1, max-image-preview:large, max-video-preview:-1\" \/>\n<link rel=\"canonical\" href=\"https:\/\/www.louste.fi\/\" \/>\n<meta property=\"og:locale\" content=\"fi_FI\" \/>\n<meta property=\"og:type\" content=\"article\" \/>\n<meta property=\"og:title\" content=\"Etusivu - Is&auml;nn&ouml;intipalvelu JP Louste Oy\" \/>\n<meta property=\"og:description\" content=\"Yritys on perustettu vuonna 2009. Tarjoamme taloyhti\u00f6ille is\u00e4nn\u00f6intipalvelua kokonaisvaltaisesti. Pienen\u00e4 perheyrityksen\u00e4 kilpailuvalttimme on saavutettavuus, asiakasl\u00e4ht\u00f6isyys ja saumaton vuorovaikutus asiakkaidemme kanssa. T\u00e4ll\u00e4 hetkell\u00e4 is\u00e4nn\u00f6imme yhteens\u00e4 27 yhti\u00f6t\u00e4.\" \/>\n<meta property=\"og:url\" content=\"https:\/\/www.louste.fi\/\" \/>\n<meta property=\"og:site_name\" content=\"Is&auml;nn&ouml;intipalvelu JP Louste Oy\" \/>\n<meta property=\"article:modified_time\" content=\"2025-02-12T17:38:45+00:00\" \/>\n<meta property=\"og:image\" content=\"https:\/\/www.louste.fi\/wp-content\/uploads\/2024\/12\/Kemi-1.jpeg\" \/>\n\t<meta property=\"og:image:width\" content=\"2048\" \/>\n\t<meta property=\"og:image:height\" content=\"1536\" \/>\n\t<meta property=\"og:image:type\" content=\"image\/jpeg\" \/>\n<meta name=\"twitter:card\" content=\"summary_large_image\" \/>\n<meta name=\"twitter:label1\" content=\"Arvioitu lukuaika\" \/>\n\t<meta name=\"twitter:data1\" content=\"1 minuutti\" \/>\n<script type=\"application\/ld+json\" class=\"yoast-schema-graph\">{\"@context\":\"https:\/\/schema.org\",\"@graph\":[{\"@type\":\"WebPage\",\"@id\":\"https:\/\/www.louste.fi\/\",\"url\":\"https:\/\/www.louste.fi\/\",\"name\":\"Etusivu - Is&auml;nn&ouml;intipalvelu JP Louste Oy\",\"isPartOf\":{\"@id\":\"https:\/\/www.louste.fi\/#website\"},\"primaryImageOfPage\":{\"@id\":\"https:\/\/www.louste.fi\/#primaryimage\"},\"image\":{\"@id\":\"https:\/\/www.louste.fi\/#primaryimage\"},\"thumbnailUrl\":\"https:\/\/www.louste.fi\/wp-content\/uploads\/2024\/12\/Kemi-1-1024x768.jpeg\",\"datePublished\":\"2024-12-05T06:14:04+00:00\",\"dateModified\":\"2025-02-12T17:38:45+00:00\",\"description\":\"Yritys on perustettu vuonna 2009. Tarjoamme taloyhti\u00f6ille is\u00e4nn\u00f6intipalvelua kokonaisvaltaisesti. Pienen\u00e4 perheyrityksen\u00e4 kilpailuvalttimme on saavutettavuus, asiakasl\u00e4ht\u00f6isyys ja saumaton vuorovaikutus asiakkaidemme kanssa. T\u00e4ll\u00e4 hetkell\u00e4 is\u00e4nn\u00f6imme yhteens\u00e4 27 yhti\u00f6t\u00e4.\",\"breadcrumb\":{\"@id\":\"https:\/\/www.louste.fi\/#breadcrumb\"},\"inLanguage\":\"fi\",\"potentialAction\":[{\"@type\":\"ReadAction\",\"target\":[\"https:\/\/www.louste.fi\/\"]}]},{\"@type\":\"ImageObject\",\"inLanguage\":\"fi\",\"@id\":\"https:\/\/www.louste.fi\/#primaryimage\",\"url\":\"https:\/\/www.louste.fi\/wp-content\/uploads\/2024\/12\/Kemi-1.jpeg\",\"contentUrl\":\"https:\/\/www.louste.fi\/wp-content\/uploads\/2024\/12\/Kemi-1.jpeg\",\"width\":2048,\"height\":1536},{\"@type\":\"BreadcrumbList\",\"@id\":\"https:\/\/www.louste.fi\/#breadcrumb\",\"itemListElement\":[{\"@type\":\"ListItem\",\"position\":1,\"name\":\"Etusivu\",\"item\":\"https:\/\/www.louste.fi\/\"},{\"@type\":\"ListItem\",\"position\":2,\"name\":\"Etusivu\"}]},{\"@type\":\"WebSite\",\"@id\":\"https:\/\/www.louste.fi\/#website\",\"url\":\"https:\/\/www.louste.fi\/\",\"name\":\"Is&auml;nn&ouml;intipalvelu JP Louste Oy\",\"description\":\"Is&auml;nn&ouml;inti&auml; kolmannessa polvessa! Tarjoamme is&auml;nn&ouml;intipalveluja p&auml;&auml;asiassa Asunto-osakeyhti&ouml;ille.\",\"potentialAction\":[{\"@type\":\"SearchAction\",\"target\":{\"@type\":\"EntryPoint\",\"urlTemplate\":\"https:\/\/www.louste.fi\/?s={search_term_string}\"},\"query-input\":{\"@type\":\"PropertyValueSpecification\",\"valueRequired\":true,\"valueName\":\"search_term_string\"}}],\"inLanguage\":\"fi\"}]}<\/script>\n<!-- \/ Yoast SEO plugin. -->","yoast_head_json":{"title":"Etusivu - Is&auml;nn&ouml;intipalvelu JP Louste Oy","description":"Yritys on perustettu vuonna 2009. Tarjoamme taloyhti\u00f6ille is\u00e4nn\u00f6intipalvelua kokonaisvaltaisesti. Pienen\u00e4 perheyrityksen\u00e4 kilpailuvalttimme on saavutettavuus, asiakasl\u00e4ht\u00f6isyys ja saumaton vuorovaikutus asiakkaidemme kanssa. T\u00e4ll\u00e4 hetkell\u00e4 is\u00e4nn\u00f6imme yhteens\u00e4 27 yhti\u00f6t\u00e4.","robots":{"index":"index","follow":"follow","max-snippet":"max-snippet:-1","max-image-preview":"max-image-preview:large","max-video-preview":"max-video-preview:-1"},"canonical":"https:\/\/www.louste.fi\/","og_locale":"fi_FI","og_type":"article","og_title":"Etusivu - Is&auml;nn&ouml;intipalvelu JP Louste Oy","og_description":"Yritys on perustettu vuonna 2009. Tarjoamme taloyhti\u00f6ille is\u00e4nn\u00f6intipalvelua kokonaisvaltaisesti. Pienen\u00e4 perheyrityksen\u00e4 kilpailuvalttimme on saavutettavuus, asiakasl\u00e4ht\u00f6isyys ja saumaton vuorovaikutus asiakkaidemme kanssa. T\u00e4ll\u00e4 hetkell\u00e4 is\u00e4nn\u00f6imme yhteens\u00e4 27 yhti\u00f6t\u00e4.","og_url":"https:\/\/www.louste.fi\/","og_site_name":"Is&auml;nn&ouml;intipalvelu JP Louste Oy","article_modified_time":"2025-02-12T17:38:45+00:00","og_image":[{"width":2048,"height":1536,"url":"https:\/\/www.louste.fi\/wp-content\/uploads\/2024\/12\/Kemi-1.jpeg","type":"image\/jpeg"}],"twitter_card":"summary_large_image","twitter_misc":{"Arvioitu lukuaika":"1 minuutti"},"schema":{"@context":"https:\/\/schema.org","@graph":[{"@type":"WebPage","@id":"https:\/\/www.louste.fi\/","url":"https:\/\/www.louste.fi\/","name":"Etusivu - Is&auml;nn&ouml;intipalvelu JP Louste Oy","isPartOf":{"@id":"https:\/\/www.louste.fi\/#website"},"primaryImageOfPage":{"@id":"https:\/\/www.louste.fi\/#primaryimage"},"image":{"@id":"https:\/\/www.louste.fi\/#primaryimage"},"thumbnailUrl":"https:\/\/www.louste.fi\/wp-content\/uploads\/2024\/12\/Kemi-1-1024x768.jpeg","datePublished":"2024-12-05T06:14:04+00:00","dateModified":"2025-02-12T17:38:45+00:00","description":"Yritys on perustettu vuonna 2009. Tarjoamme taloyhti\u00f6ille is\u00e4nn\u00f6intipalvelua kokonaisvaltaisesti. Pienen\u00e4 perheyrityksen\u00e4 kilpailuvalttimme on saavutettavuus, asiakasl\u00e4ht\u00f6isyys ja saumaton vuorovaikutus asiakkaidemme kanssa. T\u00e4ll\u00e4 hetkell\u00e4 is\u00e4nn\u00f6imme yhteens\u00e4 27 yhti\u00f6t\u00e4.","breadcrumb":{"@id":"https:\/\/www.louste.fi\/#breadcrumb"},"inLanguage":"fi","potentialAction":[{"@type":"ReadAction","target":["https:\/\/www.louste.fi\/"]}]},{"@type":"ImageObject","inLanguage":"fi","@id":"https:\/\/www.louste.fi\/#primaryimage","url":"https:\/\/www.louste.fi\/wp-content\/uploads\/2024\/12\/Kemi-1.jpeg","contentUrl":"https:\/\/www.louste.fi\/wp-content\/uploads\/2024\/12\/Kemi-1.jpeg","width":2048,"height":1536},{"@type":"BreadcrumbList","@id":"https:\/\/www.louste.fi\/#breadcrumb","itemListElement":[{"@type":"ListItem","position":1,"name":"Etusivu","item":"https:\/\/www.louste.fi\/"},{"@type":"ListItem","position":2,"name":"Etusivu"}]},{"@type":"WebSite","@id":"https:\/\/www.louste.fi\/#website","url":"https:\/\/www.louste.fi\/","name":"Is&auml;nn&ouml;intipalvelu JP Louste Oy","description":"Is&auml;nn&ouml;inti&auml; kolmannessa polvessa! Tarjoamme is&auml;nn&ouml;intipalveluja p&auml;&auml;asiassa Asunto-osakeyhti&ouml;ille.","potentialAction":[{"@type":"SearchAction","target":{"@type":"EntryPoint","urlTemplate":"https:\/\/www.louste.fi\/?s={search_term_string}"},"query-input":{"@type":"PropertyValueSpecification","valueRequired":true,"valueName":"search_term_string"}}],"inLanguage":"fi"}]}},"_links":{"self":[{"href":"https:\/\/www.louste.fi\/index.php\/wp-json\/wp\/v2\/pages\/31","targetHints":{"allow":["GET"]}}],"collection":[{"href":"https:\/\/www.louste.fi\/index.php\/wp-json\/wp\/v2\/pages"}],"about":[{"href":"https:\/\/www.louste.fi\/index.php\/wp-json\/wp\/v2\/types\/page"}],"author":[{"embeddable":true,"href":"https:\/\/www.louste.fi\/index.php\/wp-json\/wp\/v2\/users\/2"}],"replies":[{"embeddable":true,"href":"https:\/\/www.louste.fi\/index.php\/wp-json\/wp\/v2\/comments?post=31"}],"version-history":[{"count":51,"href":"https:\/\/www.louste.fi\/index.php\/wp-json\/wp\/v2\/pages\/31\/revisions"}],"predecessor-version":[{"id":258,"href":"https:\/\/www.louste.fi\/index.php\/wp-json\/wp\/v2\/pages\/31\/revisions\/258"}],"wp:attachment":[{"href":"https:\/\/www.louste.fi\/index.php\/wp-json\/wp\/v2\/media?parent=31"}],"curies":[{"name":"wp","href":"https:\/\/api.w.org\/{rel}","templated":true}]}}