{"id":54,"date":"2024-12-05T06:15:27","date_gmt":"2024-12-05T06:15:27","guid":{"rendered":"https:\/\/www.louste.fi\/?page_id=54"},"modified":"2025-02-23T11:43:41","modified_gmt":"2025-02-23T11:43:41","slug":"yrittaja-esittely","status":"publish","type":"page","link":"https:\/\/www.louste.fi\/index.php\/yrittaja-esittely\/","title":{"rendered":"Yritt\u00e4j\u00e4 esittely"},"content":{"rendered":"\n<div class=\"wp-block-columns is-layout-flex wp-container-core-columns-is-layout-3 wp-block-columns-is-layout-flex\">\n<div class=\"wp-block-column is-layout-flow wp-block-column-is-layout-flow\">\n<div class=\"wp-block-columns is-layout-flex wp-container-core-columns-is-layout-1 wp-block-columns-is-layout-flex\">\n<div class=\"wp-block-column is-layout-flow wp-block-column-is-layout-flow\"><\/div>\n\n\n\n<div class=\"wp-block-column is-layout-flow wp-block-column-is-layout-flow\"><\/div>\n<\/div>\n\n\n\n<div class=\"wp-block-columns is-layout-flex wp-container-core-columns-is-layout-2 wp-block-columns-is-layout-flex\">\n<div class=\"wp-block-column is-layout-flow wp-block-column-is-layout-flow\" style=\"flex-basis:25%\"><\/div>\n\n\n\n<div class=\"wp-block-column is-vertically-aligned-center is-layout-flow wp-block-column-is-layout-flow\" style=\"flex-basis:50%\">\n<h2 class=\"wp-block-heading\">Anna Louste<\/h2>\n\n\n\n<p style=\"font-size:20px\">Hei!<br>Olen koulutukseltani Yritystoiminnan ja markkinoinnin Tradenomi. Ennen yritt\u00e4j\u00e4ksi ryhtymist\u00e4 olen ty\u00f6skennellyt kaupan alalla noin 20 vuoden ajan, joista viimeiset vuodet esimies- sek\u00e4 koulutusteht\u00e4viss\u00e4. Olen yritt\u00e4j\u00e4perheen lapsi ja yritt\u00e4jyys on ollut l\u00e4sn\u00e4 el\u00e4m\u00e4ss\u00e4ni aina. Olen eritt\u00e4in yritt\u00e4j\u00e4henkinen sek\u00e4 omaan hyv\u00e4t asiakaspalvelu- ja vuorovaikutustaidot aikaisemman ty\u00f6historiani ansiosta. Toimin yritt\u00e4j\u00e4n\u00e4 ja is\u00e4nn\u00f6itsij\u00e4n\u00e4 jo kolmannessa polvessa. Yritt\u00e4j\u00e4n\u00e4 olen aloittanut vuonna 2022. Tarkoitukseni on maltillisesti kasvattaa yrityst\u00e4ni kuitenkin niin, ettei palvelu ja saavutettavuus olemassa oleville asiakkaillemme heikkene. Kolmessa vuodessa yritykseni asiakasm\u00e4\u00e4r\u00e4 on kasvanut n.18 %.<\/p>\n<\/div>\n\n\n\n<div class=\"wp-block-column is-layout-flow wp-block-column-is-layout-flow\" style=\"flex-basis:25%\"><div class=\"wp-block-image\">\n<figure class=\"alignleft size-large is-resized has-custom-border\"><img loading=\"lazy\" decoding=\"async\" width=\"657\" height=\"1024\" src=\"https:\/\/www.louste.fi\/wp-content\/uploads\/2024\/12\/WhatsApp-Image-2024-12-11-at-17.15.17-2-657x1024.jpeg\" alt=\"\" class=\"wp-image-85\" style=\"border-radius:43px;width:303px;height:auto\" srcset=\"https:\/\/www.louste.fi\/wp-content\/uploads\/2024\/12\/WhatsApp-Image-2024-12-11-at-17.15.17-2-657x1024.jpeg 657w, https:\/\/www.louste.fi\/wp-content\/uploads\/2024\/12\/WhatsApp-Image-2024-12-11-at-17.15.17-2-192x300.jpeg 192w, https:\/\/www.louste.fi\/wp-content\/uploads\/2024\/12\/WhatsApp-Image-2024-12-11-at-17.15.17-2-768x1197.jpeg 768w, https:\/\/www.louste.fi\/wp-content\/uploads\/2024\/12\/WhatsApp-Image-2024-12-11-at-17.15.17-2-986x1536.jpeg 986w, https:\/\/www.louste.fi\/wp-content\/uploads\/2024\/12\/WhatsApp-Image-2024-12-11-at-17.15.17-2.jpeg 1314w\" sizes=\"auto, (max-width: 657px) 100vw, 657px\" \/><\/figure><\/div><\/div>\n<\/div>\n<\/div>\n<\/div>\n\n\n\n<div class=\"wp-block-columns is-layout-flex wp-container-core-columns-is-layout-4 wp-block-columns-is-layout-flex\">\n<div class=\"wp-block-column is-layout-flow wp-block-column-is-layout-flow\" style=\"flex-basis:25%\"><\/div>\n\n\n\n<div class=\"wp-block-column is-layout-flow wp-block-column-is-layout-flow\" style=\"flex-basis:50%\"><\/div>\n\n\n\n<div class=\"wp-block-column is-layout-flow wp-block-column-is-layout-flow\" style=\"flex-basis:25%\"><\/div>\n<\/div>\n","protected":false},"excerpt":{"rendered":"<p>Anna Louste Hei!Olen koulutukseltani Yritystoiminnan ja markkinoinnin Tradenomi. Ennen yritt\u00e4j\u00e4ksi ryhtymist\u00e4 olen ty\u00f6skennellyt kaupan alalla noin 20 vuoden ajan, joista viimeiset vuodet esimies- sek\u00e4 koulutusteht\u00e4viss\u00e4. Olen yritt\u00e4j\u00e4perheen lapsi ja yritt\u00e4jyys on ollut l\u00e4sn\u00e4 el\u00e4m\u00e4ss\u00e4ni aina. Olen eritt\u00e4in yritt\u00e4j\u00e4henkinen sek\u00e4 omaan hyv\u00e4t asiakaspalvelu- ja vuorovaikutustaidot aikaisemman ty\u00f6historiani ansiosta. Toimin yritt\u00e4j\u00e4n\u00e4 ja is\u00e4nn\u00f6itsij\u00e4n\u00e4 jo kolmannessa polvessa. Yritt\u00e4j\u00e4n\u00e4&hellip;&nbsp;<a href=\"https:\/\/www.louste.fi\/index.php\/yrittaja-esittely\/\" rel=\"bookmark\">Lue lis\u00e4\u00e4 &raquo;<span class=\"screen-reader-text\">Yritt\u00e4j\u00e4 esittely<\/span><\/a><\/p>\n","protected":false},"author":1,"featured_media":0,"parent":0,"menu_order":0,"comment_status":"closed","ping_status":"closed","template":"","meta":{"neve_meta_sidebar":"","neve_meta_container":"","neve_meta_enable_content_width":"","neve_meta_content_width":0,"neve_meta_title_alignment":"center","neve_meta_author_avatar":"","neve_post_elements_order":"","neve_meta_disable_header":"","neve_meta_disable_footer":"","neve_meta_disable_title":"","footnotes":""},"class_list":["post-54","page","type-page","status-publish","hentry"],"yoast_head":"<!-- This site is optimized with the Yoast SEO plugin v26.8 - https:\/\/yoast.com\/product\/yoast-seo-wordpress\/ -->\n<title>Yritt\u00e4j\u00e4 esittely - Is&auml;nn&ouml;intipalvelu JP Louste Oy<\/title>\n<meta name=\"robots\" content=\"index, follow, max-snippet:-1, max-image-preview:large, max-video-preview:-1\" \/>\n<link rel=\"canonical\" href=\"https:\/\/www.louste.fi\/index.php\/yrittaja-esittely\/\" \/>\n<meta property=\"og:locale\" content=\"fi_FI\" \/>\n<meta property=\"og:type\" content=\"article\" \/>\n<meta property=\"og:title\" content=\"Yritt\u00e4j\u00e4 esittely - Is&auml;nn&ouml;intipalvelu JP Louste Oy\" \/>\n<meta property=\"og:description\" content=\"Anna Louste Hei!Olen koulutukseltani Yritystoiminnan ja markkinoinnin Tradenomi. Ennen yritt\u00e4j\u00e4ksi ryhtymist\u00e4 olen ty\u00f6skennellyt kaupan alalla noin 20 vuoden ajan, joista viimeiset vuodet esimies- sek\u00e4 koulutusteht\u00e4viss\u00e4. Olen yritt\u00e4j\u00e4perheen lapsi ja yritt\u00e4jyys on ollut l\u00e4sn\u00e4 el\u00e4m\u00e4ss\u00e4ni aina. Olen eritt\u00e4in yritt\u00e4j\u00e4henkinen sek\u00e4 omaan hyv\u00e4t asiakaspalvelu- ja vuorovaikutustaidot aikaisemman ty\u00f6historiani ansiosta. Toimin yritt\u00e4j\u00e4n\u00e4 ja is\u00e4nn\u00f6itsij\u00e4n\u00e4 jo kolmannessa polvessa. Yritt\u00e4j\u00e4n\u00e4&hellip;&nbsp;Lue lis\u00e4\u00e4 &raquo;Yritt\u00e4j\u00e4 esittely\" \/>\n<meta property=\"og:url\" content=\"https:\/\/www.louste.fi\/index.php\/yrittaja-esittely\/\" \/>\n<meta property=\"og:site_name\" content=\"Is&auml;nn&ouml;intipalvelu JP Louste Oy\" \/>\n<meta property=\"article:modified_time\" content=\"2025-02-23T11:43:41+00:00\" \/>\n<meta property=\"og:image\" content=\"https:\/\/www.louste.fi\/wp-content\/uploads\/2024\/12\/WhatsApp-Image-2024-12-11-at-17.15.17-2.jpeg\" \/>\n\t<meta property=\"og:image:width\" content=\"1314\" \/>\n\t<meta property=\"og:image:height\" content=\"2048\" \/>\n\t<meta property=\"og:image:type\" content=\"image\/jpeg\" \/>\n<meta name=\"twitter:card\" content=\"summary_large_image\" \/>\n<meta name=\"twitter:label1\" content=\"Arvioitu lukuaika\" \/>\n\t<meta name=\"twitter:data1\" content=\"1 minuutti\" \/>\n<script type=\"application\/ld+json\" class=\"yoast-schema-graph\">{\"@context\":\"https:\/\/schema.org\",\"@graph\":[{\"@type\":\"WebPage\",\"@id\":\"https:\/\/www.louste.fi\/index.php\/yrittaja-esittely\/\",\"url\":\"https:\/\/www.louste.fi\/index.php\/yrittaja-esittely\/\",\"name\":\"Yritt\u00e4j\u00e4 esittely - Is&auml;nn&ouml;intipalvelu JP Louste Oy\",\"isPartOf\":{\"@id\":\"https:\/\/www.louste.fi\/#website\"},\"primaryImageOfPage\":{\"@id\":\"https:\/\/www.louste.fi\/index.php\/yrittaja-esittely\/#primaryimage\"},\"image\":{\"@id\":\"https:\/\/www.louste.fi\/index.php\/yrittaja-esittely\/#primaryimage\"},\"thumbnailUrl\":\"https:\/\/www.louste.fi\/wp-content\/uploads\/2024\/12\/WhatsApp-Image-2024-12-11-at-17.15.17-2-657x1024.jpeg\",\"datePublished\":\"2024-12-05T06:15:27+00:00\",\"dateModified\":\"2025-02-23T11:43:41+00:00\",\"breadcrumb\":{\"@id\":\"https:\/\/www.louste.fi\/index.php\/yrittaja-esittely\/#breadcrumb\"},\"inLanguage\":\"fi\",\"potentialAction\":[{\"@type\":\"ReadAction\",\"target\":[\"https:\/\/www.louste.fi\/index.php\/yrittaja-esittely\/\"]}]},{\"@type\":\"ImageObject\",\"inLanguage\":\"fi\",\"@id\":\"https:\/\/www.louste.fi\/index.php\/yrittaja-esittely\/#primaryimage\",\"url\":\"https:\/\/www.louste.fi\/wp-content\/uploads\/2024\/12\/WhatsApp-Image-2024-12-11-at-17.15.17-2.jpeg\",\"contentUrl\":\"https:\/\/www.louste.fi\/wp-content\/uploads\/2024\/12\/WhatsApp-Image-2024-12-11-at-17.15.17-2.jpeg\",\"width\":1314,\"height\":2048},{\"@type\":\"BreadcrumbList\",\"@id\":\"https:\/\/www.louste.fi\/index.php\/yrittaja-esittely\/#breadcrumb\",\"itemListElement\":[{\"@type\":\"ListItem\",\"position\":1,\"name\":\"Etusivu\",\"item\":\"https:\/\/www.louste.fi\/\"},{\"@type\":\"ListItem\",\"position\":2,\"name\":\"Yritt\u00e4j\u00e4 esittely\"}]},{\"@type\":\"WebSite\",\"@id\":\"https:\/\/www.louste.fi\/#website\",\"url\":\"https:\/\/www.louste.fi\/\",\"name\":\"Is&auml;nn&ouml;intipalvelu JP Louste Oy\",\"description\":\"Is&auml;nn&ouml;inti&auml; kolmannessa polvessa! Tarjoamme is&auml;nn&ouml;intipalveluja p&auml;&auml;asiassa Asunto-osakeyhti&ouml;ille.\",\"potentialAction\":[{\"@type\":\"SearchAction\",\"target\":{\"@type\":\"EntryPoint\",\"urlTemplate\":\"https:\/\/www.louste.fi\/?s={search_term_string}\"},\"query-input\":{\"@type\":\"PropertyValueSpecification\",\"valueRequired\":true,\"valueName\":\"search_term_string\"}}],\"inLanguage\":\"fi\"}]}<\/script>\n<!-- \/ Yoast SEO plugin. -->","yoast_head_json":{"title":"Yritt\u00e4j\u00e4 esittely - Is&auml;nn&ouml;intipalvelu JP Louste Oy","robots":{"index":"index","follow":"follow","max-snippet":"max-snippet:-1","max-image-preview":"max-image-preview:large","max-video-preview":"max-video-preview:-1"},"canonical":"https:\/\/www.louste.fi\/index.php\/yrittaja-esittely\/","og_locale":"fi_FI","og_type":"article","og_title":"Yritt\u00e4j\u00e4 esittely - Is&auml;nn&ouml;intipalvelu JP Louste Oy","og_description":"Anna Louste Hei!Olen koulutukseltani Yritystoiminnan ja markkinoinnin Tradenomi. Ennen yritt\u00e4j\u00e4ksi ryhtymist\u00e4 olen ty\u00f6skennellyt kaupan alalla noin 20 vuoden ajan, joista viimeiset vuodet esimies- sek\u00e4 koulutusteht\u00e4viss\u00e4. Olen yritt\u00e4j\u00e4perheen lapsi ja yritt\u00e4jyys on ollut l\u00e4sn\u00e4 el\u00e4m\u00e4ss\u00e4ni aina. Olen eritt\u00e4in yritt\u00e4j\u00e4henkinen sek\u00e4 omaan hyv\u00e4t asiakaspalvelu- ja vuorovaikutustaidot aikaisemman ty\u00f6historiani ansiosta. Toimin yritt\u00e4j\u00e4n\u00e4 ja is\u00e4nn\u00f6itsij\u00e4n\u00e4 jo kolmannessa polvessa. Yritt\u00e4j\u00e4n\u00e4&hellip;&nbsp;Lue lis\u00e4\u00e4 &raquo;Yritt\u00e4j\u00e4 esittely","og_url":"https:\/\/www.louste.fi\/index.php\/yrittaja-esittely\/","og_site_name":"Is&auml;nn&ouml;intipalvelu JP Louste Oy","article_modified_time":"2025-02-23T11:43:41+00:00","og_image":[{"width":1314,"height":2048,"url":"https:\/\/www.louste.fi\/wp-content\/uploads\/2024\/12\/WhatsApp-Image-2024-12-11-at-17.15.17-2.jpeg","type":"image\/jpeg"}],"twitter_card":"summary_large_image","twitter_misc":{"Arvioitu lukuaika":"1 minuutti"},"schema":{"@context":"https:\/\/schema.org","@graph":[{"@type":"WebPage","@id":"https:\/\/www.louste.fi\/index.php\/yrittaja-esittely\/","url":"https:\/\/www.louste.fi\/index.php\/yrittaja-esittely\/","name":"Yritt\u00e4j\u00e4 esittely - Is&auml;nn&ouml;intipalvelu JP Louste Oy","isPartOf":{"@id":"https:\/\/www.louste.fi\/#website"},"primaryImageOfPage":{"@id":"https:\/\/www.louste.fi\/index.php\/yrittaja-esittely\/#primaryimage"},"image":{"@id":"https:\/\/www.louste.fi\/index.php\/yrittaja-esittely\/#primaryimage"},"thumbnailUrl":"https:\/\/www.louste.fi\/wp-content\/uploads\/2024\/12\/WhatsApp-Image-2024-12-11-at-17.15.17-2-657x1024.jpeg","datePublished":"2024-12-05T06:15:27+00:00","dateModified":"2025-02-23T11:43:41+00:00","breadcrumb":{"@id":"https:\/\/www.louste.fi\/index.php\/yrittaja-esittely\/#breadcrumb"},"inLanguage":"fi","potentialAction":[{"@type":"ReadAction","target":["https:\/\/www.louste.fi\/index.php\/yrittaja-esittely\/"]}]},{"@type":"ImageObject","inLanguage":"fi","@id":"https:\/\/www.louste.fi\/index.php\/yrittaja-esittely\/#primaryimage","url":"https:\/\/www.louste.fi\/wp-content\/uploads\/2024\/12\/WhatsApp-Image-2024-12-11-at-17.15.17-2.jpeg","contentUrl":"https:\/\/www.louste.fi\/wp-content\/uploads\/2024\/12\/WhatsApp-Image-2024-12-11-at-17.15.17-2.jpeg","width":1314,"height":2048},{"@type":"BreadcrumbList","@id":"https:\/\/www.louste.fi\/index.php\/yrittaja-esittely\/#breadcrumb","itemListElement":[{"@type":"ListItem","position":1,"name":"Etusivu","item":"https:\/\/www.louste.fi\/"},{"@type":"ListItem","position":2,"name":"Yritt\u00e4j\u00e4 esittely"}]},{"@type":"WebSite","@id":"https:\/\/www.louste.fi\/#website","url":"https:\/\/www.louste.fi\/","name":"Is&auml;nn&ouml;intipalvelu JP Louste Oy","description":"Is&auml;nn&ouml;inti&auml; kolmannessa polvessa! Tarjoamme is&auml;nn&ouml;intipalveluja p&auml;&auml;asiassa Asunto-osakeyhti&ouml;ille.","potentialAction":[{"@type":"SearchAction","target":{"@type":"EntryPoint","urlTemplate":"https:\/\/www.louste.fi\/?s={search_term_string}"},"query-input":{"@type":"PropertyValueSpecification","valueRequired":true,"valueName":"search_term_string"}}],"inLanguage":"fi"}]}},"_links":{"self":[{"href":"https:\/\/www.louste.fi\/index.php\/wp-json\/wp\/v2\/pages\/54","targetHints":{"allow":["GET"]}}],"collection":[{"href":"https:\/\/www.louste.fi\/index.php\/wp-json\/wp\/v2\/pages"}],"about":[{"href":"https:\/\/www.louste.fi\/index.php\/wp-json\/wp\/v2\/types\/page"}],"author":[{"embeddable":true,"href":"https:\/\/www.louste.fi\/index.php\/wp-json\/wp\/v2\/users\/1"}],"replies":[{"embeddable":true,"href":"https:\/\/www.louste.fi\/index.php\/wp-json\/wp\/v2\/comments?post=54"}],"version-history":[{"count":37,"href":"https:\/\/www.louste.fi\/index.php\/wp-json\/wp\/v2\/pages\/54\/revisions"}],"predecessor-version":[{"id":263,"href":"https:\/\/www.louste.fi\/index.php\/wp-json\/wp\/v2\/pages\/54\/revisions\/263"}],"wp:attachment":[{"href":"https:\/\/www.louste.fi\/index.php\/wp-json\/wp\/v2\/media?parent=54"}],"curies":[{"name":"wp","href":"https:\/\/api.w.org\/{rel}","templated":true}]}}