{"id":56,"date":"2024-12-05T06:16:14","date_gmt":"2024-12-05T06:16:14","guid":{"rendered":"https:\/\/www.louste.fi\/?page_id=56"},"modified":"2025-03-01T17:18:22","modified_gmt":"2025-03-01T17:18:22","slug":"tarjouspyynto","status":"publish","type":"page","link":"https:\/\/www.louste.fi\/index.php\/tarjouspyynto\/","title":{"rendered":"Tarjouspyynt\u00f6 is\u00e4nn\u00f6innist\u00e4"},"content":{"rendered":"\n<div class=\"wp-block-columns is-layout-flex wp-container-core-columns-is-layout-1 wp-block-columns-is-layout-flex\">\n<div class=\"wp-block-column is-layout-flow wp-block-column-is-layout-flow\"><\/div>\n\n\n\n<div class=\"wp-block-column is-layout-flow wp-block-column-is-layout-flow\"><\/div>\n\n\n\n<div class=\"wp-block-column is-layout-flow wp-block-column-is-layout-flow\"><\/div>\n<\/div>\n\n\n\n<h2 class=\"wp-block-heading has-text-align-center\">Tarjouspyynt\u00f6 is\u00e4nn\u00f6innist\u00e4<\/h2>\n\n\n\n<div class=\"wp-block-columns is-layout-flex wp-container-core-columns-is-layout-2 wp-block-columns-is-layout-flex\">\n<div class=\"wp-block-column is-layout-flow wp-block-column-is-layout-flow\"><\/div>\n\n\n\n<div class=\"wp-block-column is-layout-flow wp-block-column-is-layout-flow\">\n\n<div class=\"wpcf7 no-js\" id=\"wpcf7-f13-o1\" lang=\"fi\" dir=\"ltr\" data-wpcf7-id=\"13\">\n<div class=\"screen-reader-response\"><p role=\"status\" aria-live=\"polite\" aria-atomic=\"true\"><\/p> <ul><\/ul><\/div>\n<form action=\"\/index.php\/wp-json\/wp\/v2\/pages\/56#wpcf7-f13-o1\" method=\"post\" class=\"wpcf7-form init\" aria-label=\"Yhteydenottolomake\" enctype=\"multipart\/form-data\" novalidate=\"novalidate\" data-status=\"init\">\n<fieldset class=\"hidden-fields-container\"><input type=\"hidden\" name=\"_wpcf7\" value=\"13\" \/><input type=\"hidden\" name=\"_wpcf7_version\" value=\"6.1.5\" \/><input type=\"hidden\" name=\"_wpcf7_locale\" value=\"fi\" \/><input type=\"hidden\" name=\"_wpcf7_unit_tag\" value=\"wpcf7-f13-o1\" \/><input type=\"hidden\" name=\"_wpcf7_container_post\" value=\"0\" \/><input type=\"hidden\" name=\"_wpcf7_posted_data_hash\" value=\"\" \/>\n<\/fieldset>\n<p><label> Taloyhti\u00f6n nimi<br \/>\n<span class=\"wpcf7-form-control-wrap\" data-name=\"your-name2\"><input size=\"40\" maxlength=\"400\" class=\"wpcf7-form-control wpcf7-text wpcf7-validates-as-required\" autocomplete=\"name\" aria-required=\"true\" aria-invalid=\"false\" value=\"\" type=\"text\" name=\"your-name2\" \/><\/span> <\/label>\n<\/p>\n<p><label> Nimesi<br \/>\n<span class=\"wpcf7-form-control-wrap\" data-name=\"your-name\"><input size=\"40\" maxlength=\"400\" class=\"wpcf7-form-control wpcf7-text wpcf7-validates-as-required\" autocomplete=\"name\" aria-required=\"true\" aria-invalid=\"false\" value=\"\" type=\"text\" name=\"your-name\" \/><\/span> <\/label>\n<\/p>\n<p><label> S\u00e4hk\u00f6postiosoitteesi<br \/>\n<span class=\"wpcf7-form-control-wrap\" data-name=\"your-email\"><input size=\"40\" maxlength=\"400\" class=\"wpcf7-form-control wpcf7-email wpcf7-validates-as-required wpcf7-text wpcf7-validates-as-email\" autocomplete=\"email\" aria-required=\"true\" aria-invalid=\"false\" value=\"\" type=\"email\" name=\"your-email\" \/><\/span> <\/label>\n<\/p>\n<p><label> Puhelinnumerosi<br \/>\n<span class=\"wpcf7-form-control-wrap\" data-name=\"tel-988\"><input size=\"40\" maxlength=\"400\" class=\"wpcf7-form-control wpcf7-tel wpcf7-validates-as-required wpcf7-text wpcf7-validates-as-tel\" aria-required=\"true\" aria-invalid=\"false\" value=\"\" type=\"tel\" name=\"tel-988\" \/><\/span> <\/label>\n<\/p>\n<p><label> Aihe<br \/>\n<span class=\"wpcf7-form-control-wrap\" data-name=\"your-subject\"><input size=\"40\" maxlength=\"400\" class=\"wpcf7-form-control wpcf7-text wpcf7-validates-as-required\" aria-required=\"true\" aria-invalid=\"false\" value=\"\" type=\"text\" name=\"your-subject\" \/><\/span> <\/label>\n<\/p>\n<p><label> Viestisi (valinnainen)<br \/>\n<span class=\"wpcf7-form-control-wrap\" data-name=\"your-message\"><textarea cols=\"40\" rows=\"10\" maxlength=\"2000\" class=\"wpcf7-form-control wpcf7-textarea\" aria-invalid=\"false\" name=\"your-message\"><\/textarea><\/span> <\/label>\n<\/p>\n<p>Liit\u00e4 viimeisin vahvistettu taloyhti\u00f6n tilinp\u00e4\u00e4t\u00f6s<br \/>\n<span class=\"wpcf7-form-control-wrap\" data-name=\"file-99\"><input size=\"40\" class=\"wpcf7-form-control wpcf7-file\" accept=\"audio\/*,video\/*,image\/*,.jpg,.png,.jpeg,.pdf,.doc,.docx\" aria-invalid=\"false\" type=\"file\" name=\"file-99\" \/><\/span>\n<\/p>\n<p><input class=\"wpcf7-form-control wpcf7-submit has-spinner\" type=\"submit\" value=\"L\u00e4het\u00e4\" \/>\n<\/p><p style=\"display: none !important;\" class=\"akismet-fields-container\" data-prefix=\"_wpcf7_ak_\"><label>&#916;<textarea name=\"_wpcf7_ak_hp_textarea\" cols=\"45\" rows=\"8\" maxlength=\"100\"><\/textarea><\/label><input type=\"hidden\" id=\"ak_js_1\" name=\"_wpcf7_ak_js\" value=\"232\"\/><script>\ndocument.getElementById( \"ak_js_1\" ).setAttribute( \"value\", ( new Date() ).getTime() );\n<\/script>\n<\/p><div class=\"wpcf7-response-output\" aria-hidden=\"true\"><\/div>\n<\/form>\n<\/div>\n\n<\/div>\n\n\n\n<div class=\"wp-block-column is-layout-flow wp-block-column-is-layout-flow\"><\/div>\n<\/div>\n\n\n\n<div class=\"wp-block-columns is-layout-flex wp-container-core-columns-is-layout-3 wp-block-columns-is-layout-flex\">\n<div class=\"wp-block-column is-layout-flow wp-block-column-is-layout-flow\"><\/div>\n\n\n\n<div class=\"wp-block-column is-layout-flow wp-block-column-is-layout-flow\"><\/div>\n\n\n\n<div class=\"wp-block-column is-layout-flow wp-block-column-is-layout-flow\"><\/div>\n<\/div>\n\n\n\n<p><\/p>\n","protected":false},"excerpt":{"rendered":"<p>Tarjouspyynt\u00f6 is\u00e4nn\u00f6innist\u00e4<\/p>\n","protected":false},"author":1,"featured_media":0,"parent":0,"menu_order":0,"comment_status":"closed","ping_status":"closed","template":"","meta":{"neve_meta_sidebar":"","neve_meta_container":"","neve_meta_enable_content_width":"","neve_meta_content_width":0,"neve_meta_title_alignment":"center","neve_meta_author_avatar":"","neve_post_elements_order":"","neve_meta_disable_header":"","neve_meta_disable_footer":"","neve_meta_disable_title":"","footnotes":""},"class_list":["post-56","page","type-page","status-publish","hentry"],"yoast_head":"<!-- This site is optimized with the Yoast SEO plugin v26.8 - https:\/\/yoast.com\/product\/yoast-seo-wordpress\/ -->\n<title>Tarjouspyynt\u00f6 is\u00e4nn\u00f6innist\u00e4 - Is&auml;nn&ouml;intipalvelu JP Louste Oy<\/title>\n<meta name=\"robots\" content=\"index, follow, max-snippet:-1, max-image-preview:large, max-video-preview:-1\" \/>\n<link rel=\"canonical\" href=\"https:\/\/www.louste.fi\/index.php\/tarjouspyynto\/\" \/>\n<meta property=\"og:locale\" content=\"fi_FI\" \/>\n<meta property=\"og:type\" content=\"article\" \/>\n<meta property=\"og:title\" content=\"Tarjouspyynt\u00f6 is\u00e4nn\u00f6innist\u00e4 - Is&auml;nn&ouml;intipalvelu JP Louste Oy\" \/>\n<meta property=\"og:description\" content=\"Tarjouspyynt\u00f6 is\u00e4nn\u00f6innist\u00e4\" \/>\n<meta property=\"og:url\" content=\"https:\/\/www.louste.fi\/index.php\/tarjouspyynto\/\" \/>\n<meta property=\"og:site_name\" content=\"Is&auml;nn&ouml;intipalvelu JP Louste Oy\" \/>\n<meta property=\"article:modified_time\" content=\"2025-03-01T17:18:22+00:00\" \/>\n<meta name=\"twitter:card\" content=\"summary_large_image\" \/>\n<meta name=\"twitter:label1\" content=\"Arvioitu lukuaika\" \/>\n\t<meta name=\"twitter:data1\" content=\"1 minuutti\" \/>\n<script type=\"application\/ld+json\" class=\"yoast-schema-graph\">{\"@context\":\"https:\/\/schema.org\",\"@graph\":[{\"@type\":\"WebPage\",\"@id\":\"https:\/\/www.louste.fi\/index.php\/tarjouspyynto\/\",\"url\":\"https:\/\/www.louste.fi\/index.php\/tarjouspyynto\/\",\"name\":\"Tarjouspyynt\u00f6 is\u00e4nn\u00f6innist\u00e4 - Is&auml;nn&ouml;intipalvelu JP Louste Oy\",\"isPartOf\":{\"@id\":\"https:\/\/www.louste.fi\/#website\"},\"datePublished\":\"2024-12-05T06:16:14+00:00\",\"dateModified\":\"2025-03-01T17:18:22+00:00\",\"breadcrumb\":{\"@id\":\"https:\/\/www.louste.fi\/index.php\/tarjouspyynto\/#breadcrumb\"},\"inLanguage\":\"fi\",\"potentialAction\":[{\"@type\":\"ReadAction\",\"target\":[\"https:\/\/www.louste.fi\/index.php\/tarjouspyynto\/\"]}]},{\"@type\":\"BreadcrumbList\",\"@id\":\"https:\/\/www.louste.fi\/index.php\/tarjouspyynto\/#breadcrumb\",\"itemListElement\":[{\"@type\":\"ListItem\",\"position\":1,\"name\":\"Etusivu\",\"item\":\"https:\/\/www.louste.fi\/\"},{\"@type\":\"ListItem\",\"position\":2,\"name\":\"Tarjouspyynt\u00f6 is\u00e4nn\u00f6innist\u00e4\"}]},{\"@type\":\"WebSite\",\"@id\":\"https:\/\/www.louste.fi\/#website\",\"url\":\"https:\/\/www.louste.fi\/\",\"name\":\"Is&auml;nn&ouml;intipalvelu JP Louste Oy\",\"description\":\"Is&auml;nn&ouml;inti&auml; kolmannessa polvessa! Tarjoamme is&auml;nn&ouml;intipalveluja p&auml;&auml;asiassa Asunto-osakeyhti&ouml;ille.\",\"potentialAction\":[{\"@type\":\"SearchAction\",\"target\":{\"@type\":\"EntryPoint\",\"urlTemplate\":\"https:\/\/www.louste.fi\/?s={search_term_string}\"},\"query-input\":{\"@type\":\"PropertyValueSpecification\",\"valueRequired\":true,\"valueName\":\"search_term_string\"}}],\"inLanguage\":\"fi\"}]}<\/script>\n<!-- \/ Yoast SEO plugin. -->","yoast_head_json":{"title":"Tarjouspyynt\u00f6 is\u00e4nn\u00f6innist\u00e4 - Is&auml;nn&ouml;intipalvelu JP Louste Oy","robots":{"index":"index","follow":"follow","max-snippet":"max-snippet:-1","max-image-preview":"max-image-preview:large","max-video-preview":"max-video-preview:-1"},"canonical":"https:\/\/www.louste.fi\/index.php\/tarjouspyynto\/","og_locale":"fi_FI","og_type":"article","og_title":"Tarjouspyynt\u00f6 is\u00e4nn\u00f6innist\u00e4 - Is&auml;nn&ouml;intipalvelu JP Louste Oy","og_description":"Tarjouspyynt\u00f6 is\u00e4nn\u00f6innist\u00e4","og_url":"https:\/\/www.louste.fi\/index.php\/tarjouspyynto\/","og_site_name":"Is&auml;nn&ouml;intipalvelu JP Louste Oy","article_modified_time":"2025-03-01T17:18:22+00:00","twitter_card":"summary_large_image","twitter_misc":{"Arvioitu lukuaika":"1 minuutti"},"schema":{"@context":"https:\/\/schema.org","@graph":[{"@type":"WebPage","@id":"https:\/\/www.louste.fi\/index.php\/tarjouspyynto\/","url":"https:\/\/www.louste.fi\/index.php\/tarjouspyynto\/","name":"Tarjouspyynt\u00f6 is\u00e4nn\u00f6innist\u00e4 - Is&auml;nn&ouml;intipalvelu JP Louste Oy","isPartOf":{"@id":"https:\/\/www.louste.fi\/#website"},"datePublished":"2024-12-05T06:16:14+00:00","dateModified":"2025-03-01T17:18:22+00:00","breadcrumb":{"@id":"https:\/\/www.louste.fi\/index.php\/tarjouspyynto\/#breadcrumb"},"inLanguage":"fi","potentialAction":[{"@type":"ReadAction","target":["https:\/\/www.louste.fi\/index.php\/tarjouspyynto\/"]}]},{"@type":"BreadcrumbList","@id":"https:\/\/www.louste.fi\/index.php\/tarjouspyynto\/#breadcrumb","itemListElement":[{"@type":"ListItem","position":1,"name":"Etusivu","item":"https:\/\/www.louste.fi\/"},{"@type":"ListItem","position":2,"name":"Tarjouspyynt\u00f6 is\u00e4nn\u00f6innist\u00e4"}]},{"@type":"WebSite","@id":"https:\/\/www.louste.fi\/#website","url":"https:\/\/www.louste.fi\/","name":"Is&auml;nn&ouml;intipalvelu JP Louste Oy","description":"Is&auml;nn&ouml;inti&auml; kolmannessa polvessa! Tarjoamme is&auml;nn&ouml;intipalveluja p&auml;&auml;asiassa Asunto-osakeyhti&ouml;ille.","potentialAction":[{"@type":"SearchAction","target":{"@type":"EntryPoint","urlTemplate":"https:\/\/www.louste.fi\/?s={search_term_string}"},"query-input":{"@type":"PropertyValueSpecification","valueRequired":true,"valueName":"search_term_string"}}],"inLanguage":"fi"}]}},"_links":{"self":[{"href":"https:\/\/www.louste.fi\/index.php\/wp-json\/wp\/v2\/pages\/56","targetHints":{"allow":["GET"]}}],"collection":[{"href":"https:\/\/www.louste.fi\/index.php\/wp-json\/wp\/v2\/pages"}],"about":[{"href":"https:\/\/www.louste.fi\/index.php\/wp-json\/wp\/v2\/types\/page"}],"author":[{"embeddable":true,"href":"https:\/\/www.louste.fi\/index.php\/wp-json\/wp\/v2\/users\/1"}],"replies":[{"embeddable":true,"href":"https:\/\/www.louste.fi\/index.php\/wp-json\/wp\/v2\/comments?post=56"}],"version-history":[{"count":28,"href":"https:\/\/www.louste.fi\/index.php\/wp-json\/wp\/v2\/pages\/56\/revisions"}],"predecessor-version":[{"id":267,"href":"https:\/\/www.louste.fi\/index.php\/wp-json\/wp\/v2\/pages\/56\/revisions\/267"}],"wp:attachment":[{"href":"https:\/\/www.louste.fi\/index.php\/wp-json\/wp\/v2\/media?parent=56"}],"curies":[{"name":"wp","href":"https:\/\/api.w.org\/{rel}","templated":true}]}}